{"id":2,"date":"2018-09-26T07:36:02","date_gmt":"2018-09-26T05:36:02","guid":{"rendered":"http:\/\/www.syalcatraz.de\/?page_id=2"},"modified":"2021-03-02T16:18:02","modified_gmt":"2021-03-02T15:18:02","slug":"unser-weg-zum-segeln","status":"publish","type":"page","link":"https:\/\/www.syalcatraz.de\/","title":{"rendered":"Unser Weg zum Segeln"},"content":{"rendered":"<p>Wir sind schon mehrere Jahre auf Segelbooten unterwegs. Angefangen hat alles nach abgeschlossenem SBF Binnen und See mit unserem Schwertzugvogel &#8222;Salt &amp; Pepper&#8220;.<\/p>\n<p><img decoding=\"async\" loading=\"lazy\" class=\"alignnone wp-image-24\" src=\"https:\/\/www.syalcatraz.de\/wp-content\/uploads\/2018\/09\/BILD2102-300x225.jpg\" alt=\"\" width=\"267\" height=\"200\" srcset=\"https:\/\/www.syalcatraz.de\/wp-content\/uploads\/2018\/09\/BILD2102-300x225.jpg 300w, https:\/\/www.syalcatraz.de\/wp-content\/uploads\/2018\/09\/BILD2102-768x576.jpg 768w, https:\/\/www.syalcatraz.de\/wp-content\/uploads\/2018\/09\/BILD2102-1024x768.jpg 1024w, https:\/\/www.syalcatraz.de\/wp-content\/uploads\/2018\/09\/BILD2102-1200x900.jpg 1200w, https:\/\/www.syalcatraz.de\/wp-content\/uploads\/2018\/09\/BILD2102.jpg 1536w\" sizes=\"(max-width: 267px) 85vw, 267px\" \/><img decoding=\"async\" loading=\"lazy\" class=\"alignnone wp-image-25\" src=\"https:\/\/www.syalcatraz.de\/wp-content\/uploads\/2018\/09\/BILD2107-300x225.jpg\" alt=\"\" width=\"267\" height=\"200\" srcset=\"https:\/\/www.syalcatraz.de\/wp-content\/uploads\/2018\/09\/BILD2107-300x225.jpg 300w, https:\/\/www.syalcatraz.de\/wp-content\/uploads\/2018\/09\/BILD2107-768x576.jpg 768w, https:\/\/www.syalcatraz.de\/wp-content\/uploads\/2018\/09\/BILD2107-1024x768.jpg 1024w, https:\/\/www.syalcatraz.de\/wp-content\/uploads\/2018\/09\/BILD2107-1200x900.jpg 1200w, https:\/\/www.syalcatraz.de\/wp-content\/uploads\/2018\/09\/BILD2107.jpg 1536w\" sizes=\"(max-width: 267px) 85vw, 267px\" \/><img decoding=\"async\" loading=\"lazy\" class=\"alignnone wp-image-26\" src=\"https:\/\/www.syalcatraz.de\/wp-content\/uploads\/2018\/09\/BILD2100-300x225.jpg\" alt=\"\" width=\"267\" height=\"200\" srcset=\"https:\/\/www.syalcatraz.de\/wp-content\/uploads\/2018\/09\/BILD2100-300x225.jpg 300w, https:\/\/www.syalcatraz.de\/wp-content\/uploads\/2018\/09\/BILD2100-768x576.jpg 768w, https:\/\/www.syalcatraz.de\/wp-content\/uploads\/2018\/09\/BILD2100-1024x768.jpg 1024w, https:\/\/www.syalcatraz.de\/wp-content\/uploads\/2018\/09\/BILD2100-1200x900.jpg 1200w, https:\/\/www.syalcatraz.de\/wp-content\/uploads\/2018\/09\/BILD2100.jpg 1536w\" sizes=\"(max-width: 267px) 85vw, 267px\" \/><\/p>\n<p>Dieser ist leider irgendwann zu klein geworden und wir sind umgestiegen auf eine Friendship 22 &#8222;Alkyone&#8220; (Anmerkung: Alkyone war die Tochter des Windgottes Aiolos und hat nichts mit Alkoholentzug zu tun!) auf unserem kleinen Hausrevier; die Alkyone geh\u00f6rt zwar immer noch zur Familie, momentan aber nur im Trockendock (Scheune).<br>Es ist aber der Traum unseres Sohnes, irgendwann in naher Zukunft auf eigenem Kiel mit der Alkyone die Ostsee zu erkunden.&nbsp;<\/p>\n<p><img decoding=\"async\" loading=\"lazy\" class=\"size-medium wp-image-36 aligncenter\" src=\"https:\/\/www.syalcatraz.de\/wp-content\/uploads\/2018\/09\/RIMG0268-300x225.jpg\" alt=\"\" width=\"300\" height=\"225\"><\/p>\n<p>W\u00e4hrend dieser Zeit sind wir regelm\u00e4ssig zwei Mal pro Jahr auf dem Ijsselmeer mit Charteryachten segeln gewesen. Ausgangspunkt war immer Lemmer &#8211; echt super.<br>Nachteil des Charterns war jedoch jedes Mal, dass man gef\u00fchlt mit dem gesamten Hausstand verreist ist und immer nur ans Wasser konnte, wenn die Zeit wieder mal soweit war.<\/p>\n<p>Entgegen aller wirtschaftlicher Vernunft haben wir uns dann irgendwann dazu entschlossen, ein eigenes Boot an die Ostsee zu legen. Das Abw\u00e4gen von F\u00fcr und Wider sowohl f\u00fcr Gebrauchte als auch Neuboote und ungez\u00e4hlte Besuche auf Messen wie Hanseboot und boot haben uns dann aber doch dazu gebracht, uns f\u00fcr ein neues Exemplar zu entscheiden.<br>Hier fiel die Entscheidung nicht besonders schwer: Es sollte eine Segelyacht um 34 Fu\u00df werden, nicht unbedingt ein schwimmender Wohnwagen sein und auch mit kleiner Crew oder einhandtauglich zu segeln sein.<\/p>\n<p>So kamen wir anfangs zu unserer Dehler von dem einzigen Dehler-St\u00fctzpunkt an der schleswig-holsteinischen Ostseek\u00fcste (an dieser Stelle nochmals einen lieben Gru\u00df an Marc Malte Kaiser), und haben es bis heute nicht bereut.<\/p>\n<p><a href=\"https:\/\/www.syalcatraz.de\/wp-content\/uploads\/2018\/09\/20180321_085657-e1537957907915.jpg\" target=\"_blank\" rel=\"noopener noreferrer\"><img decoding=\"async\" loading=\"lazy\" class=\"wp-image-27 alignleft\" src=\"https:\/\/www.syalcatraz.de\/wp-content\/uploads\/2018\/09\/20180321_085657-300x225.jpg\" alt=\"\" width=\"267\" height=\"200\"><\/a><a href=\"https:\/\/www.syalcatraz.de\/wp-content\/uploads\/2018\/09\/20180321_090159-e1537958069976.jpg\" target=\"_blank\" rel=\"noopener noreferrer\"><img decoding=\"async\" loading=\"lazy\" class=\"wp-image-28 alignleft\" src=\"https:\/\/www.syalcatraz.de\/wp-content\/uploads\/2018\/09\/20180321_090159-300x225.jpg\" alt=\"\" width=\"267\" height=\"200\"><\/a><\/p>\n<p>Nachtrag aus 2020:<br data-rich-text-line-break=\"true\">Bereut haben wir es immer noch nicht, unser eigenes Segelboot anzuschaffen. Lediglich von der Dehler haben wir uns getrennt, <a href=\"https:\/\/www.syalcatraz.de\/index.php\/unsere-faurby\/\">hier<\/a> dazu aber mehr.<\/p>\n\n\n<p><\/p>\n","protected":false},"excerpt":{"rendered":"<p>Wir sind schon mehrere Jahre auf Segelbooten unterwegs. Angefangen hat alles nach abgeschlossenem SBF Binnen und See mit unserem Schwertzugvogel &#8222;Salt &amp; Pepper&#8220;. Dieser ist leider irgendwann zu klein geworden und wir sind umgestiegen auf eine Friendship 22 &#8222;Alkyone&#8220; (Anmerkung: Alkyone war die Tochter des Windgottes Aiolos und hat nichts mit Alkoholentzug zu tun!) auf &hellip; <a href=\"https:\/\/www.syalcatraz.de\/\" class=\"more-link\"><span class=\"screen-reader-text\">\u201eUnser Weg zum Segeln\u201c<\/span> weiterlesen<\/a><\/p>\n","protected":false},"author":1,"featured_media":0,"parent":0,"menu_order":1,"comment_status":"closed","ping_status":"closed","template":"","meta":[],"yoast_head":"<!-- This site is optimized with the Yoast SEO plugin v20.11 - https:\/\/yoast.com\/wordpress\/plugins\/seo\/ -->\n<title>Unser Weg zum Segeln - Segelyacht ALCATRAZ<\/title>\n<meta name=\"robots\" content=\"index, follow, max-snippet:-1, max-image-preview:large, max-video-preview:-1\" \/>\n<link rel=\"canonical\" href=\"https:\/\/www.syalcatraz.de\/\" \/>\n<meta property=\"og:locale\" content=\"de_DE\" \/>\n<meta property=\"og:type\" content=\"article\" \/>\n<meta property=\"og:title\" content=\"Unser Weg zum Segeln - Segelyacht ALCATRAZ\" \/>\n<meta property=\"og:description\" content=\"Wir sind schon mehrere Jahre auf Segelbooten unterwegs. Angefangen hat alles nach abgeschlossenem SBF Binnen und See mit unserem Schwertzugvogel &#8222;Salt &amp; Pepper&#8220;. Dieser ist leider irgendwann zu klein geworden und wir sind umgestiegen auf eine Friendship 22 &#8222;Alkyone&#8220; (Anmerkung: Alkyone war die Tochter des Windgottes Aiolos und hat nichts mit Alkoholentzug zu tun!) auf &hellip; \u201eUnser Weg zum Segeln\u201c weiterlesen\" \/>\n<meta property=\"og:url\" content=\"https:\/\/www.syalcatraz.de\/\" \/>\n<meta property=\"og:site_name\" content=\"Segelyacht ALCATRAZ\" \/>\n<meta property=\"article:modified_time\" content=\"2021-03-02T15:18:02+00:00\" \/>\n<meta property=\"og:image\" content=\"http:\/\/www.syalcatraz.de\/wp-content\/uploads\/2018\/09\/BILD2102-300x225.jpg\" \/>\n<meta name=\"twitter:card\" content=\"summary_large_image\" \/>\n<meta name=\"twitter:label1\" content=\"Gesch\u00e4tzte Lesezeit\" \/>\n\t<meta name=\"twitter:data1\" content=\"3\u00a0Minuten\" \/>\n<script type=\"application\/ld+json\" class=\"yoast-schema-graph\">{\"@context\":\"https:\/\/schema.org\",\"@graph\":[{\"@type\":\"WebPage\",\"@id\":\"https:\/\/www.syalcatraz.de\/\",\"url\":\"https:\/\/www.syalcatraz.de\/\",\"name\":\"Unser Weg zum Segeln - Segelyacht ALCATRAZ\",\"isPartOf\":{\"@id\":\"https:\/\/www.syalcatraz.de\/#website\"},\"datePublished\":\"2018-09-26T05:36:02+00:00\",\"dateModified\":\"2021-03-02T15:18:02+00:00\",\"breadcrumb\":{\"@id\":\"https:\/\/www.syalcatraz.de\/#breadcrumb\"},\"inLanguage\":\"de\",\"potentialAction\":[{\"@type\":\"ReadAction\",\"target\":[\"https:\/\/www.syalcatraz.de\/\"]}]},{\"@type\":\"BreadcrumbList\",\"@id\":\"https:\/\/www.syalcatraz.de\/#breadcrumb\",\"itemListElement\":[{\"@type\":\"ListItem\",\"position\":1,\"name\":\"Startseite\",\"item\":\"https:\/\/www.syalcatraz.de\/\"},{\"@type\":\"ListItem\",\"position\":2,\"name\":\"Unser Weg zum Segeln\"}]},{\"@type\":\"WebSite\",\"@id\":\"https:\/\/www.syalcatraz.de\/#website\",\"url\":\"https:\/\/www.syalcatraz.de\/\",\"name\":\"Segelyacht ALCATRAZ\",\"description\":\"Unsere Faurby 363e\",\"publisher\":{\"@id\":\"https:\/\/www.syalcatraz.de\/#\/schema\/person\/a40138a205c67820f4e254796ae15fa8\"},\"potentialAction\":[{\"@type\":\"SearchAction\",\"target\":{\"@type\":\"EntryPoint\",\"urlTemplate\":\"https:\/\/www.syalcatraz.de\/?s={search_term_string}\"},\"query-input\":\"required name=search_term_string\"}],\"inLanguage\":\"de\"},{\"@type\":[\"Person\",\"Organization\"],\"@id\":\"https:\/\/www.syalcatraz.de\/#\/schema\/person\/a40138a205c67820f4e254796ae15fa8\",\"name\":\"Thorsten\",\"logo\":{\"@id\":\"https:\/\/www.syalcatraz.de\/#\/schema\/person\/image\/\"}}]}<\/script>\n<!-- \/ Yoast SEO plugin. -->","yoast_head_json":{"title":"Unser Weg zum Segeln - Segelyacht ALCATRAZ","robots":{"index":"index","follow":"follow","max-snippet":"max-snippet:-1","max-image-preview":"max-image-preview:large","max-video-preview":"max-video-preview:-1"},"canonical":"https:\/\/www.syalcatraz.de\/","og_locale":"de_DE","og_type":"article","og_title":"Unser Weg zum Segeln - Segelyacht ALCATRAZ","og_description":"Wir sind schon mehrere Jahre auf Segelbooten unterwegs. Angefangen hat alles nach abgeschlossenem SBF Binnen und See mit unserem Schwertzugvogel &#8222;Salt &amp; Pepper&#8220;. Dieser ist leider irgendwann zu klein geworden und wir sind umgestiegen auf eine Friendship 22 &#8222;Alkyone&#8220; (Anmerkung: Alkyone war die Tochter des Windgottes Aiolos und hat nichts mit Alkoholentzug zu tun!) auf &hellip; \u201eUnser Weg zum Segeln\u201c weiterlesen","og_url":"https:\/\/www.syalcatraz.de\/","og_site_name":"Segelyacht ALCATRAZ","article_modified_time":"2021-03-02T15:18:02+00:00","og_image":[{"url":"http:\/\/www.syalcatraz.de\/wp-content\/uploads\/2018\/09\/BILD2102-300x225.jpg"}],"twitter_card":"summary_large_image","twitter_misc":{"Gesch\u00e4tzte Lesezeit":"3\u00a0Minuten"},"schema":{"@context":"https:\/\/schema.org","@graph":[{"@type":"WebPage","@id":"https:\/\/www.syalcatraz.de\/","url":"https:\/\/www.syalcatraz.de\/","name":"Unser Weg zum Segeln - Segelyacht ALCATRAZ","isPartOf":{"@id":"https:\/\/www.syalcatraz.de\/#website"},"datePublished":"2018-09-26T05:36:02+00:00","dateModified":"2021-03-02T15:18:02+00:00","breadcrumb":{"@id":"https:\/\/www.syalcatraz.de\/#breadcrumb"},"inLanguage":"de","potentialAction":[{"@type":"ReadAction","target":["https:\/\/www.syalcatraz.de\/"]}]},{"@type":"BreadcrumbList","@id":"https:\/\/www.syalcatraz.de\/#breadcrumb","itemListElement":[{"@type":"ListItem","position":1,"name":"Startseite","item":"https:\/\/www.syalcatraz.de\/"},{"@type":"ListItem","position":2,"name":"Unser Weg zum Segeln"}]},{"@type":"WebSite","@id":"https:\/\/www.syalcatraz.de\/#website","url":"https:\/\/www.syalcatraz.de\/","name":"Segelyacht ALCATRAZ","description":"Unsere Faurby 363e","publisher":{"@id":"https:\/\/www.syalcatraz.de\/#\/schema\/person\/a40138a205c67820f4e254796ae15fa8"},"potentialAction":[{"@type":"SearchAction","target":{"@type":"EntryPoint","urlTemplate":"https:\/\/www.syalcatraz.de\/?s={search_term_string}"},"query-input":"required name=search_term_string"}],"inLanguage":"de"},{"@type":["Person","Organization"],"@id":"https:\/\/www.syalcatraz.de\/#\/schema\/person\/a40138a205c67820f4e254796ae15fa8","name":"Thorsten","logo":{"@id":"https:\/\/www.syalcatraz.de\/#\/schema\/person\/image\/"}}]}},"_links":{"self":[{"href":"https:\/\/www.syalcatraz.de\/index.php\/wp-json\/wp\/v2\/pages\/2"}],"collection":[{"href":"https:\/\/www.syalcatraz.de\/index.php\/wp-json\/wp\/v2\/pages"}],"about":[{"href":"https:\/\/www.syalcatraz.de\/index.php\/wp-json\/wp\/v2\/types\/page"}],"author":[{"embeddable":true,"href":"https:\/\/www.syalcatraz.de\/index.php\/wp-json\/wp\/v2\/users\/1"}],"replies":[{"embeddable":true,"href":"https:\/\/www.syalcatraz.de\/index.php\/wp-json\/wp\/v2\/comments?post=2"}],"version-history":[{"count":26,"href":"https:\/\/www.syalcatraz.de\/index.php\/wp-json\/wp\/v2\/pages\/2\/revisions"}],"predecessor-version":[{"id":568,"href":"https:\/\/www.syalcatraz.de\/index.php\/wp-json\/wp\/v2\/pages\/2\/revisions\/568"}],"wp:attachment":[{"href":"https:\/\/www.syalcatraz.de\/index.php\/wp-json\/wp\/v2\/media?parent=2"}],"curies":[{"name":"wp","href":"https:\/\/api.w.org\/{rel}","templated":true}]}}