{"id":356,"date":"2020-04-07T18:35:46","date_gmt":"2020-04-07T16:35:46","guid":{"rendered":"http:\/\/www.slyngel.de\/?page_id=356"},"modified":"2023-02-28T16:24:17","modified_gmt":"2023-02-28T15:24:17","slug":"unsere-faurby","status":"publish","type":"page","link":"https:\/\/www.syalcatraz.de\/index.php\/unsere-faurby\/","title":{"rendered":"Unsere Faurby 363e"},"content":{"rendered":"\n<p>Vorweg genommen: Die Dehler 34 ist ein tolles Boot, doch haben wir nach 2 Jahren festgestellt, dass die Ausrichtung der Dehler bzw das Unterwasserschiff f\u00fcr uns(!) zu sportlich ist.<\/p>\n\n\n\n<p>Das f\u00fchrte im Jahr 2019 dazu, dass wir mehrere Situationen hatten, die unsere J\u00fcngste stark \u00e4ngstigten, obwohl alles unter Kontrolle war.<br>Dennoch muss man als Eltern auf solche Signale achten und diese sehr ernst nehmen, damit die Freude am gemeinsamen Segeln auf jeden Fall erhalten bleibt.<\/p>\n\n\n\n<p>So kam es, dass wir uns locker und unverbindlich nach Alternativen auf dem Bootsmarkt umgesehen haben; eine gebrauchte Najad war da eigentlich unser Favorit.<br>Wie es der Zufall will, war man auf dem Najad-Messestand der Boot 2020 jedoch nicht wirklich zuvorkommend, wir wollten uns einfach nur mal umschauen. Doch ohne Termin war eine Besichtigung auf der Ausstellungsfl\u00e4che nicht m\u00f6glich, und bei Hallberg Rassy war die Schlange an den Booten generell zu lang.<\/p>\n\n\n\n<p>So landeten wir beim Gemeinschaftsstand  Faurby \/ Nordship, und der Andrang hielt sich absolut in Grenzen. Wir enterten die Besichtigungsplattform, schauten uns sowohl die Faurby als auch die ausgestellt Nordship an und kamen bald ins Gespr\u00e4ch mit einem sehr netten und hilfsbereiten &#8222;vermeintlichen&#8220; Mitarbeiter der Firma Faurby. Erst gegen Ende unserer tollen Unterhaltung stellte sich heraus, dass wir mit dem Gesch\u00e4ftsf\u00fchrer Thomas Dan Hougaard selbst gesprochen haben.<\/p>\n\n\n\n<p>Nach einigen Mails hin und her vereinbarten wir im Februar einen Termin in D\u00e4nemark mit Werftbesichtigung (tolles Erlebnis!!!) und Bootspr\u00e4sentation.<br>Entschieden haben wir uns f\u00fcr eine gebrauchte Faurby 363e, die wir uns eigentlich im April 2020 aus Fredericia abholen wollten &#8211; bis CORONA kam und uns einen ordentlichen Strich durch die Rechnung machte.<\/p>\n\n\n\n<figure class=\"wp-block-image size-large\"><img decoding=\"async\" loading=\"lazy\" width=\"1024\" height=\"673\" src=\"https:\/\/www.syalcatraz.de\/wp-content\/uploads\/2020\/04\/SegelbootFaurby-363E-scanboat-picture-9176378-e1615306070976-1024x673.jpg\" alt=\"\" class=\"wp-image-360\" srcset=\"https:\/\/www.syalcatraz.de\/wp-content\/uploads\/2020\/04\/SegelbootFaurby-363E-scanboat-picture-9176378-e1615306070976-1024x673.jpg 1024w, https:\/\/www.syalcatraz.de\/wp-content\/uploads\/2020\/04\/SegelbootFaurby-363E-scanboat-picture-9176378-e1615306070976-300x197.jpg 300w, https:\/\/www.syalcatraz.de\/wp-content\/uploads\/2020\/04\/SegelbootFaurby-363E-scanboat-picture-9176378-e1615306070976-768x505.jpg 768w, https:\/\/www.syalcatraz.de\/wp-content\/uploads\/2020\/04\/SegelbootFaurby-363E-scanboat-picture-9176378-e1615306070976-1536x1009.jpg 1536w, https:\/\/www.syalcatraz.de\/wp-content\/uploads\/2020\/04\/SegelbootFaurby-363E-scanboat-picture-9176378-e1615306070976-1200x788.jpg 1200w, https:\/\/www.syalcatraz.de\/wp-content\/uploads\/2020\/04\/SegelbootFaurby-363E-scanboat-picture-9176378-e1615306070976.jpg 1560w\" sizes=\"(max-width: 709px) 85vw, (max-width: 909px) 67vw, (max-width: 1362px) 62vw, 840px\" \/><\/figure>\n\n\n\n<figure class=\"wp-block-image size-large\"><img decoding=\"async\" loading=\"lazy\" width=\"1024\" height=\"678\" src=\"https:\/\/www.syalcatraz.de\/wp-content\/uploads\/2020\/04\/SegelbootFaurby-363E-scanboat-picture-9176377-e1615306089357-1024x678.jpg\" alt=\"\" class=\"wp-image-361\" srcset=\"https:\/\/www.syalcatraz.de\/wp-content\/uploads\/2020\/04\/SegelbootFaurby-363E-scanboat-picture-9176377-e1615306089357-1024x678.jpg 1024w, https:\/\/www.syalcatraz.de\/wp-content\/uploads\/2020\/04\/SegelbootFaurby-363E-scanboat-picture-9176377-e1615306089357-300x199.jpg 300w, https:\/\/www.syalcatraz.de\/wp-content\/uploads\/2020\/04\/SegelbootFaurby-363E-scanboat-picture-9176377-e1615306089357-768x509.jpg 768w, https:\/\/www.syalcatraz.de\/wp-content\/uploads\/2020\/04\/SegelbootFaurby-363E-scanboat-picture-9176377-e1615306089357-1536x1017.jpg 1536w, https:\/\/www.syalcatraz.de\/wp-content\/uploads\/2020\/04\/SegelbootFaurby-363E-scanboat-picture-9176377-e1615306089357-1200x795.jpg 1200w, https:\/\/www.syalcatraz.de\/wp-content\/uploads\/2020\/04\/SegelbootFaurby-363E-scanboat-picture-9176377-e1615306089357.jpg 1560w\" sizes=\"(max-width: 709px) 85vw, (max-width: 909px) 67vw, (max-width: 1362px) 62vw, 840px\" \/><\/figure>\n","protected":false},"excerpt":{"rendered":"<p>Vorweg genommen: Die Dehler 34 ist ein tolles Boot, doch haben wir nach 2 Jahren festgestellt, dass die Ausrichtung der Dehler bzw das Unterwasserschiff f\u00fcr uns(!) zu sportlich ist. Das f\u00fchrte im Jahr 2019 dazu, dass wir mehrere Situationen hatten, die unsere J\u00fcngste stark \u00e4ngstigten, obwohl alles unter Kontrolle war.Dennoch muss man als Eltern auf &hellip; <a href=\"https:\/\/www.syalcatraz.de\/index.php\/unsere-faurby\/\" class=\"more-link\"><span class=\"screen-reader-text\">\u201eUnsere Faurby 363e\u201c<\/span> weiterlesen<\/a><\/p>\n","protected":false},"author":1,"featured_media":0,"parent":0,"menu_order":0,"comment_status":"closed","ping_status":"closed","template":"","meta":[],"yoast_head":"<!-- This site is optimized with the Yoast SEO plugin v20.11 - https:\/\/yoast.com\/wordpress\/plugins\/seo\/ -->\n<title>Unsere Faurby 363e - Segelyacht ALCATRAZ<\/title>\n<meta name=\"robots\" content=\"index, follow, max-snippet:-1, max-image-preview:large, max-video-preview:-1\" \/>\n<link rel=\"canonical\" href=\"https:\/\/www.syalcatraz.de\/index.php\/unsere-faurby\/\" \/>\n<meta property=\"og:locale\" content=\"de_DE\" \/>\n<meta property=\"og:type\" content=\"article\" \/>\n<meta property=\"og:title\" content=\"Unsere Faurby 363e - Segelyacht ALCATRAZ\" \/>\n<meta property=\"og:description\" content=\"Vorweg genommen: Die Dehler 34 ist ein tolles Boot, doch haben wir nach 2 Jahren festgestellt, dass die Ausrichtung der Dehler bzw das Unterwasserschiff f\u00fcr uns(!) zu sportlich ist. Das f\u00fchrte im Jahr 2019 dazu, dass wir mehrere Situationen hatten, die unsere J\u00fcngste stark \u00e4ngstigten, obwohl alles unter Kontrolle war.Dennoch muss man als Eltern auf &hellip; \u201eUnsere Faurby 363e\u201c weiterlesen\" \/>\n<meta property=\"og:url\" content=\"https:\/\/www.syalcatraz.de\/index.php\/unsere-faurby\/\" \/>\n<meta property=\"og:site_name\" content=\"Segelyacht ALCATRAZ\" \/>\n<meta property=\"article:modified_time\" content=\"2023-02-28T15:24:17+00:00\" \/>\n<meta property=\"og:image\" content=\"http:\/\/www.syalcatraz.de\/wp-content\/uploads\/2020\/04\/SegelbootFaurby-363E-scanboat-picture-9176378-e1615306070976-1024x673.jpg\" \/>\n<meta name=\"twitter:card\" content=\"summary_large_image\" \/>\n<meta name=\"twitter:label1\" content=\"Gesch\u00e4tzte Lesezeit\" \/>\n\t<meta name=\"twitter:data1\" content=\"2\u00a0Minuten\" \/>\n<script type=\"application\/ld+json\" class=\"yoast-schema-graph\">{\"@context\":\"https:\/\/schema.org\",\"@graph\":[{\"@type\":\"WebPage\",\"@id\":\"https:\/\/www.syalcatraz.de\/index.php\/unsere-faurby\/\",\"url\":\"https:\/\/www.syalcatraz.de\/index.php\/unsere-faurby\/\",\"name\":\"Unsere Faurby 363e - Segelyacht ALCATRAZ\",\"isPartOf\":{\"@id\":\"https:\/\/www.syalcatraz.de\/#website\"},\"datePublished\":\"2020-04-07T16:35:46+00:00\",\"dateModified\":\"2023-02-28T15:24:17+00:00\",\"breadcrumb\":{\"@id\":\"https:\/\/www.syalcatraz.de\/index.php\/unsere-faurby\/#breadcrumb\"},\"inLanguage\":\"de\",\"potentialAction\":[{\"@type\":\"ReadAction\",\"target\":[\"https:\/\/www.syalcatraz.de\/index.php\/unsere-faurby\/\"]}]},{\"@type\":\"BreadcrumbList\",\"@id\":\"https:\/\/www.syalcatraz.de\/index.php\/unsere-faurby\/#breadcrumb\",\"itemListElement\":[{\"@type\":\"ListItem\",\"position\":1,\"name\":\"Startseite\",\"item\":\"https:\/\/www.syalcatraz.de\/\"},{\"@type\":\"ListItem\",\"position\":2,\"name\":\"Unsere Faurby 363e\"}]},{\"@type\":\"WebSite\",\"@id\":\"https:\/\/www.syalcatraz.de\/#website\",\"url\":\"https:\/\/www.syalcatraz.de\/\",\"name\":\"Segelyacht ALCATRAZ\",\"description\":\"Unsere Faurby 363e\",\"publisher\":{\"@id\":\"https:\/\/www.syalcatraz.de\/#\/schema\/person\/a40138a205c67820f4e254796ae15fa8\"},\"potentialAction\":[{\"@type\":\"SearchAction\",\"target\":{\"@type\":\"EntryPoint\",\"urlTemplate\":\"https:\/\/www.syalcatraz.de\/?s={search_term_string}\"},\"query-input\":\"required name=search_term_string\"}],\"inLanguage\":\"de\"},{\"@type\":[\"Person\",\"Organization\"],\"@id\":\"https:\/\/www.syalcatraz.de\/#\/schema\/person\/a40138a205c67820f4e254796ae15fa8\",\"name\":\"Thorsten\",\"logo\":{\"@id\":\"https:\/\/www.syalcatraz.de\/#\/schema\/person\/image\/\"}}]}<\/script>\n<!-- \/ Yoast SEO plugin. -->","yoast_head_json":{"title":"Unsere Faurby 363e - Segelyacht ALCATRAZ","robots":{"index":"index","follow":"follow","max-snippet":"max-snippet:-1","max-image-preview":"max-image-preview:large","max-video-preview":"max-video-preview:-1"},"canonical":"https:\/\/www.syalcatraz.de\/index.php\/unsere-faurby\/","og_locale":"de_DE","og_type":"article","og_title":"Unsere Faurby 363e - Segelyacht ALCATRAZ","og_description":"Vorweg genommen: Die Dehler 34 ist ein tolles Boot, doch haben wir nach 2 Jahren festgestellt, dass die Ausrichtung der Dehler bzw das Unterwasserschiff f\u00fcr uns(!) zu sportlich ist. Das f\u00fchrte im Jahr 2019 dazu, dass wir mehrere Situationen hatten, die unsere J\u00fcngste stark \u00e4ngstigten, obwohl alles unter Kontrolle war.Dennoch muss man als Eltern auf &hellip; \u201eUnsere Faurby 363e\u201c weiterlesen","og_url":"https:\/\/www.syalcatraz.de\/index.php\/unsere-faurby\/","og_site_name":"Segelyacht ALCATRAZ","article_modified_time":"2023-02-28T15:24:17+00:00","og_image":[{"url":"http:\/\/www.syalcatraz.de\/wp-content\/uploads\/2020\/04\/SegelbootFaurby-363E-scanboat-picture-9176378-e1615306070976-1024x673.jpg"}],"twitter_card":"summary_large_image","twitter_misc":{"Gesch\u00e4tzte Lesezeit":"2\u00a0Minuten"},"schema":{"@context":"https:\/\/schema.org","@graph":[{"@type":"WebPage","@id":"https:\/\/www.syalcatraz.de\/index.php\/unsere-faurby\/","url":"https:\/\/www.syalcatraz.de\/index.php\/unsere-faurby\/","name":"Unsere Faurby 363e - Segelyacht ALCATRAZ","isPartOf":{"@id":"https:\/\/www.syalcatraz.de\/#website"},"datePublished":"2020-04-07T16:35:46+00:00","dateModified":"2023-02-28T15:24:17+00:00","breadcrumb":{"@id":"https:\/\/www.syalcatraz.de\/index.php\/unsere-faurby\/#breadcrumb"},"inLanguage":"de","potentialAction":[{"@type":"ReadAction","target":["https:\/\/www.syalcatraz.de\/index.php\/unsere-faurby\/"]}]},{"@type":"BreadcrumbList","@id":"https:\/\/www.syalcatraz.de\/index.php\/unsere-faurby\/#breadcrumb","itemListElement":[{"@type":"ListItem","position":1,"name":"Startseite","item":"https:\/\/www.syalcatraz.de\/"},{"@type":"ListItem","position":2,"name":"Unsere Faurby 363e"}]},{"@type":"WebSite","@id":"https:\/\/www.syalcatraz.de\/#website","url":"https:\/\/www.syalcatraz.de\/","name":"Segelyacht ALCATRAZ","description":"Unsere Faurby 363e","publisher":{"@id":"https:\/\/www.syalcatraz.de\/#\/schema\/person\/a40138a205c67820f4e254796ae15fa8"},"potentialAction":[{"@type":"SearchAction","target":{"@type":"EntryPoint","urlTemplate":"https:\/\/www.syalcatraz.de\/?s={search_term_string}"},"query-input":"required name=search_term_string"}],"inLanguage":"de"},{"@type":["Person","Organization"],"@id":"https:\/\/www.syalcatraz.de\/#\/schema\/person\/a40138a205c67820f4e254796ae15fa8","name":"Thorsten","logo":{"@id":"https:\/\/www.syalcatraz.de\/#\/schema\/person\/image\/"}}]}},"_links":{"self":[{"href":"https:\/\/www.syalcatraz.de\/index.php\/wp-json\/wp\/v2\/pages\/356"}],"collection":[{"href":"https:\/\/www.syalcatraz.de\/index.php\/wp-json\/wp\/v2\/pages"}],"about":[{"href":"https:\/\/www.syalcatraz.de\/index.php\/wp-json\/wp\/v2\/types\/page"}],"author":[{"embeddable":true,"href":"https:\/\/www.syalcatraz.de\/index.php\/wp-json\/wp\/v2\/users\/1"}],"replies":[{"embeddable":true,"href":"https:\/\/www.syalcatraz.de\/index.php\/wp-json\/wp\/v2\/comments?post=356"}],"version-history":[{"count":10,"href":"https:\/\/www.syalcatraz.de\/index.php\/wp-json\/wp\/v2\/pages\/356\/revisions"}],"predecessor-version":[{"id":567,"href":"https:\/\/www.syalcatraz.de\/index.php\/wp-json\/wp\/v2\/pages\/356\/revisions\/567"}],"wp:attachment":[{"href":"https:\/\/www.syalcatraz.de\/index.php\/wp-json\/wp\/v2\/media?parent=356"}],"curies":[{"name":"wp","href":"https:\/\/api.w.org\/{rel}","templated":true}]}}